{"id":96,"date":"2025-01-19T21:47:10","date_gmt":"2025-01-20T02:47:10","guid":{"rendered":"https:\/\/www.jilbab-ca.com\/?post_type=product&#038;p=96"},"modified":"2025-02-26T08:15:17","modified_gmt":"2025-02-26T13:15:17","slug":"96","status":"publish","type":"product","link":"https:\/\/www.jilbab-ca.com\/index.php\/product\/96\/","title":{"rendered":"Abaya de pri\u00e8re &#8211; 2 pi\u00e8ces"},"content":{"rendered":"<p><img loading=\"lazy\" decoding=\"async\" class=\"alignnone size-medium wp-image-97\" src=\"https:\/\/www.jilbab-ca.com\/wp-content\/uploads\/2025\/01\/jilbab2pcs-300x300.webp\" alt=\"\" width=\"300\" height=\"300\" srcset=\"https:\/\/www.jilbab-ca.com\/wp-content\/uploads\/2025\/01\/jilbab2pcs-300x300.webp 300w, https:\/\/www.jilbab-ca.com\/wp-content\/uploads\/2025\/01\/jilbab2pcs-100x100.webp 100w, https:\/\/www.jilbab-ca.com\/wp-content\/uploads\/2025\/01\/jilbab2pcs-600x600.webp 600w, https:\/\/www.jilbab-ca.com\/wp-content\/uploads\/2025\/01\/jilbab2pcs-150x150.webp 150w, https:\/\/www.jilbab-ca.com\/wp-content\/uploads\/2025\/01\/jilbab2pcs-768x768.webp 768w, https:\/\/www.jilbab-ca.com\/wp-content\/uploads\/2025\/01\/jilbab2pcs.webp 1000w\" sizes=\"auto, (max-width: 300px) 100vw, 300px\" \/><\/p>\n","protected":false},"excerpt":{"rendered":"<pre id=\"tw-target-text\" class=\"tw-data-text tw-text-large tw-ta\" dir=\"ltr\" data-placeholder=\"Traduction\" data-ved=\"2ahUKEwjfx5CGpIOLAxUnF1kFHd6BDI4Q3ewLegQIChAU\" aria-label=\"Texte traduit\u00a0: V\u00eatements de pri\u00e8re islamique abaya ensemble jupe longue priant v\u00eatements musulmans femmes robe khimar abaya 2 pi\u00e8ces\"><span class=\"Y2IQFc\" lang=\"fr\">Abaya de pri\u00e8re islamique, ensemble jupe longue, v\u00eatements de pri\u00e8re pour femmes musulmans - abaya 2 pi\u00e8ces<\/span><\/pre>\n","protected":false},"featured_media":97,"comment_status":"open","ping_status":"closed","template":"","meta":[],"product_brand":[],"product_cat":[20],"product_tag":[34,24,25],"class_list":{"0":"post-96","1":"product","2":"type-product","3":"status-publish","4":"has-post-thumbnail","6":"product_cat-abayas","7":"product_tag-2pcs","8":"product_tag-abaya","9":"product_tag-femmes","10":"product_shipping_class-abayas","12":"first","13":"instock","14":"sale","15":"shipping-taxable","16":"purchasable","17":"product-type-variable"},"jetpack_sharing_enabled":true,"_links":{"self":[{"href":"https:\/\/www.jilbab-ca.com\/index.php\/wp-json\/wp\/v2\/product\/96","targetHints":{"allow":["GET"]}}],"collection":[{"href":"https:\/\/www.jilbab-ca.com\/index.php\/wp-json\/wp\/v2\/product"}],"about":[{"href":"https:\/\/www.jilbab-ca.com\/index.php\/wp-json\/wp\/v2\/types\/product"}],"replies":[{"embeddable":true,"href":"https:\/\/www.jilbab-ca.com\/index.php\/wp-json\/wp\/v2\/comments?post=96"}],"wp:featuredmedia":[{"embeddable":true,"href":"https:\/\/www.jilbab-ca.com\/index.php\/wp-json\/wp\/v2\/media\/97"}],"wp:attachment":[{"href":"https:\/\/www.jilbab-ca.com\/index.php\/wp-json\/wp\/v2\/media?parent=96"}],"wp:term":[{"taxonomy":"product_brand","embeddable":true,"href":"https:\/\/www.jilbab-ca.com\/index.php\/wp-json\/wp\/v2\/product_brand?post=96"},{"taxonomy":"product_cat","embeddable":true,"href":"https:\/\/www.jilbab-ca.com\/index.php\/wp-json\/wp\/v2\/product_cat?post=96"},{"taxonomy":"product_tag","embeddable":true,"href":"https:\/\/www.jilbab-ca.com\/index.php\/wp-json\/wp\/v2\/product_tag?post=96"}],"curies":[{"name":"wp","href":"https:\/\/api.w.org\/{rel}","templated":true}]}}