{"id":7,"date":"2025-01-19T12:37:21","date_gmt":"2025-01-19T17:37:21","guid":{"rendered":"https:\/\/www.jilbab-ca.com\/?page_id=7"},"modified":"2025-02-19T22:10:05","modified_gmt":"2025-02-20T03:10:05","slug":"about-us","status":"publish","type":"page","link":"https:\/\/www.jilbab-ca.com\/index.php\/about-us\/","title":{"rendered":"A propos"},"content":{"rendered":"<figure class=\"wp-block-image size-full\"><img loading=\"lazy\" decoding=\"async\" width=\"1024\" height=\"1024\" src=\"https:\/\/www.jilbab-ca.com\/wp-content\/uploads\/2025\/01\/logo.jpg\" alt=\"\" class=\"wp-image-91\" srcset=\"https:\/\/www.jilbab-ca.com\/wp-content\/uploads\/2025\/01\/logo.jpg 1024w, https:\/\/www.jilbab-ca.com\/wp-content\/uploads\/2025\/01\/logo-100x100.jpg 100w, https:\/\/www.jilbab-ca.com\/wp-content\/uploads\/2025\/01\/logo-600x600.jpg 600w, https:\/\/www.jilbab-ca.com\/wp-content\/uploads\/2025\/01\/logo-300x300.jpg 300w, https:\/\/www.jilbab-ca.com\/wp-content\/uploads\/2025\/01\/logo-150x150.jpg 150w, https:\/\/www.jilbab-ca.com\/wp-content\/uploads\/2025\/01\/logo-768x768.jpg 768w\" sizes=\"auto, (max-width: 1024px) 100vw, 1024px\" \/><\/figure><p><strong>Jilbab-ca est une boutique en ligne sp\u00e9cialis\u00e9e dans les produits islamiques.<\/strong><\/p><p>Son si\u00e8ge social est situ\u00e9 \u00e0 Laval, Chomedey, Qu\u00e9bec, H7V 3R3.<\/p><p>Satisfait ou rembours\u00e9, avec la possibilit\u00e9 d\u2019\u00e9changer les articles jusqu\u2019\u00e0 deux semaines apr\u00e8s la date d\u2019achat.<\/p><p>Des prix concurrentiels et des services \u00e0 valeur ajout\u00e9e pour notre communaut\u00e9.<\/p><p>Pour les commandes en gros, veuillez nous contacter directement.<\/p><p><\/p>","protected":false},"excerpt":{"rendered":"<p>Jilbab-ca est une boutique en ligne sp\u00e9cialis\u00e9e dans les produits islamiques. Son si\u00e8ge social est situ\u00e9 \u00e0 Laval, Chomedey, Qu\u00e9bec, H7V 3R3. Satisfait ou rembours\u00e9, avec la possibilit\u00e9 d\u2019\u00e9changer les articles jusqu\u2019\u00e0 deux semaines apr\u00e8s la date d\u2019achat. Des prix concurrentiels et des services \u00e0 valeur ajout\u00e9e pour notre communaut\u00e9. Pour les commandes en gros, [&hellip;]<\/p>\n","protected":false},"author":1,"featured_media":0,"parent":0,"menu_order":0,"comment_status":"closed","ping_status":"closed","template":"","meta":{"footnotes":""},"class_list":["post-7","page","type-page","status-publish","hentry"],"jetpack_sharing_enabled":true,"_links":{"self":[{"href":"https:\/\/www.jilbab-ca.com\/index.php\/wp-json\/wp\/v2\/pages\/7","targetHints":{"allow":["GET"]}}],"collection":[{"href":"https:\/\/www.jilbab-ca.com\/index.php\/wp-json\/wp\/v2\/pages"}],"about":[{"href":"https:\/\/www.jilbab-ca.com\/index.php\/wp-json\/wp\/v2\/types\/page"}],"author":[{"embeddable":true,"href":"https:\/\/www.jilbab-ca.com\/index.php\/wp-json\/wp\/v2\/users\/1"}],"replies":[{"embeddable":true,"href":"https:\/\/www.jilbab-ca.com\/index.php\/wp-json\/wp\/v2\/comments?post=7"}],"version-history":[{"count":4,"href":"https:\/\/www.jilbab-ca.com\/index.php\/wp-json\/wp\/v2\/pages\/7\/revisions"}],"predecessor-version":[{"id":202,"href":"https:\/\/www.jilbab-ca.com\/index.php\/wp-json\/wp\/v2\/pages\/7\/revisions\/202"}],"wp:attachment":[{"href":"https:\/\/www.jilbab-ca.com\/index.php\/wp-json\/wp\/v2\/media?parent=7"}],"curies":[{"name":"wp","href":"https:\/\/api.w.org\/{rel}","templated":true}]}}